{"id":6,"date":"2021-04-23T12:24:07","date_gmt":"2021-04-23T12:24:07","guid":{"rendered":"https:\/\/hernankhourian.com.ar\/diario\/?page_id=6"},"modified":"2021-05-29T23:18:20","modified_gmt":"2021-05-29T23:18:20","slug":"obra-en-video","status":"publish","type":"page","link":"https:\/\/hernankhourian.com.ar\/diario\/obra-en-video\/","title":{"rendered":"Video"},"content":{"rendered":"\n<p>Aqu\u00ed tendr\u00e1 acceso a la totalidad de la obra video e instalaciones realizadas por Hern\u00e1n Khourian.<\/p>\n\n\n\n<p><\/p>\n","protected":false},"excerpt":{"rendered":"<p>Aqu\u00ed tendr\u00e1 acceso a la totalidad de la obra video e instalaciones realizadas por Hern\u00e1n Khourian.<\/p>\n","protected":false},"author":1,"featured_media":0,"parent":0,"menu_order":0,"comment_status":"closed","ping_status":"closed","template":"","meta":[],"_links":{"self":[{"href":"https:\/\/hernankhourian.com.ar\/diario\/wp-json\/wp\/v2\/pages\/6"}],"collection":[{"href":"https:\/\/hernankhourian.com.ar\/diario\/wp-json\/wp\/v2\/pages"}],"about":[{"href":"https:\/\/hernankhourian.com.ar\/diario\/wp-json\/wp\/v2\/types\/page"}],"author":[{"embeddable":true,"href":"https:\/\/hernankhourian.com.ar\/diario\/wp-json\/wp\/v2\/users\/1"}],"replies":[{"embeddable":true,"href":"https:\/\/hernankhourian.com.ar\/diario\/wp-json\/wp\/v2\/comments?post=6"}],"version-history":[{"count":3,"href":"https:\/\/hernankhourian.com.ar\/diario\/wp-json\/wp\/v2\/pages\/6\/revisions"}],"predecessor-version":[{"id":721,"href":"https:\/\/hernankhourian.com.ar\/diario\/wp-json\/wp\/v2\/pages\/6\/revisions\/721"}],"wp:attachment":[{"href":"https:\/\/hernankhourian.com.ar\/diario\/wp-json\/wp\/v2\/media?parent=6"}],"curies":[{"name":"wp","href":"https:\/\/api.w.org\/{rel}","templated":true}]}}